{"id":610,"date":"2024-01-21T13:23:49","date_gmt":"2024-01-21T12:23:49","guid":{"rendered":"https:\/\/pause-verveine.fr\/?page_id=610"},"modified":"2025-02-15T18:41:24","modified_gmt":"2025-02-15T17:41:24","slug":"les-intervenantes","status":"publish","type":"page","link":"https:\/\/pause-verveine.fr\/index.php\/les-intervenantes\/","title":{"rendered":"Les intervenantes"},"content":{"rendered":"\n<h2 class=\"wp-block-heading\">L\u2019\u00e9quipe pour vous accompagner<\/h2>\n\n\n\n<p>D\u00e9couvrez une \u00e9quipe de femmes passionn\u00e9es et d\u00e9vou\u00e9es, r\u00e9unies pour vous accompagner lors de ce s\u00e9jour de reconnexion. Je les ai rassembl\u00e9es pour vous guider vers une vie \u00e9quilibr\u00e9e et \u00e9panouissante, en combinant nos expertises compl\u00e9mentaires. Ensemble, nous vous offrons une exp\u00e9rience unique, o\u00f9 chaque activit\u00e9 contribue \u00e0 votre bien-\u00eatre physique, mental et \u00e9motionnel. Retrouvez votre \u00e9quilibre et vivez une transformation profonde.<\/p>\n\n\n\n<div class=\"wp-block-group is-nowrap is-layout-flex wp-container-core-group-is-layout-6c531013 wp-block-group-is-layout-flex\">\n<figure class=\"wp-block-image size-full is-resized\"><img loading=\"lazy\" decoding=\"async\" width=\"500\" height=\"500\" src=\"https:\/\/pause-verveine.fr\/wp-content\/uploads\/2024\/07\/image.png\" alt=\"\" class=\"wp-image-653\" style=\"width:460px;height:auto\" srcset=\"https:\/\/pause-verveine.fr\/wp-content\/uploads\/2024\/07\/image.png 500w, https:\/\/pause-verveine.fr\/wp-content\/uploads\/2024\/07\/image-300x300.png 300w, https:\/\/pause-verveine.fr\/wp-content\/uploads\/2024\/07\/image-150x150.png 150w\" sizes=\"auto, (max-width: 500px) 100vw, 500px\" \/><\/figure>\n\n\n\n<div class=\"inherit-container-width wp-block-group is-layout-constrained wp-block-group-is-layout-constrained\">\n<p>Je m&rsquo;appelle Emilie, je suis professionnelle de sant\u00e9 et naturopathe .<\/p>\n\n\n\n<p>Mari\u00e9e et m\u00e8re de trois enfants, qui sont maintenant adolescents. J\u2019exerce depuis 20 ans dans la sant\u00e9, dont 10 ans \u00e0 l\u2019h\u00f4pital Desgenettes \u00e0 Lyon. Je travaille actuellement \u00e0 mi-temps en lib\u00e9ral dans le nord de l\u2019Is\u00e8re.<\/p>\n\n\n\n<p>J\u2019ai toujours eu cette envie profonde de prendre soin des autres, de les aider \u00e0 retrouver leur autonomie tant sur le plan physique que psychologique, pour qu\u2019ils puissent pleinement savourer la vie. Je suis une personne authentique, joviale, sinc\u00e8re, passionn\u00e9e par la nature et profond\u00e9ment bienveillante.<\/p>\n\n\n\n<p><\/p>\n<\/div>\n<\/div>\n\n\n\n<div class=\"wp-block-group is-nowrap is-layout-flex wp-container-core-group-is-layout-6c531013 wp-block-group-is-layout-flex\">\n<figure class=\"wp-block-image size-full\"><img loading=\"lazy\" decoding=\"async\" width=\"454\" height=\"464\" src=\"https:\/\/pause-verveine.fr\/wp-content\/uploads\/2024\/12\/Carine.png\" alt=\"\" class=\"wp-image-681\" srcset=\"https:\/\/pause-verveine.fr\/wp-content\/uploads\/2024\/12\/Carine.png 454w, https:\/\/pause-verveine.fr\/wp-content\/uploads\/2024\/12\/Carine-294x300.png 294w\" sizes=\"auto, (max-width: 454px) 100vw, 454px\" \/><\/figure>\n\n\n\n<div class=\"wp-block-group is-nowrap is-layout-flex wp-container-core-group-is-layout-6c531013 wp-block-group-is-layout-flex\">\n<p>Je m&rsquo;appelle Carine et suis praticienne en Massage Bien-\u00eatre certifi\u00e9e. J&rsquo;ai exerc\u00e9 la profession d&rsquo;infirmi\u00e8re pendant 19 ans en milieu hospitalier. Soigner et aider les personnes \u00e0 se sentir mieux, notamment \u00e0 travers le toucher, est l&rsquo;essence de ma personnalit\u00e9.<br>Cherchant \u00e0 \u00e9largir cette mission de vie, le massage est venu \u00e0 moi comme une \u00e9vidence. En effet, cette passion du massage s&rsquo;est inscrit en moi tr\u00e8s jeune.<br>J&rsquo;ai suivi des initiations en massage Californien et Shiatsu ainsi qu&rsquo;en Aromath\u00e9rapie entre 2016 et 2018 sans savoir qu&rsquo;un jour, j&rsquo;en ferai mon m\u00e9tier.<br>\u00c0 mes yeux, le toucher est essentiel \u00e0 l&rsquo;homme. Malheureusement dans un monde de plus en plus digital et d\u00e9shumanis\u00e9, il perd peu \u00e0 peu sa place.<br>En 2023, j&rsquo;ai cr\u00e9\u00e9 \u00ab\u00a0L&rsquo;Emanessence Massage\u00a0\u00bb pour faire ce qui m&rsquo;a toujours parl\u00e9 : le massage.<br>\u00c0 travers mes mains, je souhaite vous apporter une pr\u00e9sence bienveillante, rassurante, et vous offrir une parenth\u00e8se de douceur.<br>Je r\u00e9alise les massages avec mon c\u0153ur pour vous apporter une profonde d\u00e9tente et reconnexion \u00e0 vous-m\u00eame, un \u00e9veil de vos sens, un l\u00e2cher prise, un ressourcement, un moment d&rsquo;\u00e9vasion hors du temps, et de pouvoir tout simplement, vivre l&rsquo;instant pr\u00e9sent.<\/p>\n<\/div>\n<\/div>\n\n\n\n<div class=\"wp-block-group is-nowrap is-layout-flex wp-container-core-group-is-layout-6c531013 wp-block-group-is-layout-flex\">\n<figure class=\"wp-block-image is-resized\"><img decoding=\"async\" src=\"http:\/\/pause-verveine.fr\/wp-content\/uploads\/2023\/06\/Laure-intervenante.png\" alt=\"\" style=\"width:459px;height:auto\"\/><\/figure>\n\n\n\n<div class=\"wp-block-group is-vertical is-layout-flex wp-container-core-group-is-layout-fe9cc265 wp-block-group-is-layout-flex\">\n<h5 class=\"wp-block-heading\">Laure \/ Chemins de Flaure<\/h5>\n\n\n\n<p>Biologiste de formation qui s\u2019est engag\u00e9e dans l\u2019inventaire forestier national en 1998. Son amour pour la nature l\u2019a amen\u00e9e \u00e0 approfondir ses connaissances en ethnobotanique et \u00e0 explorer la relation entre les plantes sauvages et notre bien-\u00eatre. En 2017, elle a cr\u00e9\u00e9 \u00ab Les Chemins de F\u2019Laure \u00bb pour partager son savoir et \u00e9veiller notre lien inn\u00e9 avec la nature. Laure incarne une passion contagieuse pour les plantes et une approche empreinte de respect et d\u2019\u00e9merveillement. <a href=\"https:\/\/www.cheminsdeflaure.net\/\">Plus d&rsquo;infos<\/a><\/p>\n<\/div>\n<\/div>\n\n\n\n<figure class=\"wp-block-image alignleft size-full\"><img loading=\"lazy\" decoding=\"async\" width=\"540\" height=\"540\" src=\"https:\/\/pause-verveine.fr\/wp-content\/uploads\/2024\/05\/Laure-Aurensan_presentation-therapeute.jpg\" alt=\"\" class=\"wp-image-626\" srcset=\"https:\/\/pause-verveine.fr\/wp-content\/uploads\/2024\/05\/Laure-Aurensan_presentation-therapeute.jpg 540w, https:\/\/pause-verveine.fr\/wp-content\/uploads\/2024\/05\/Laure-Aurensan_presentation-therapeute-300x300.jpg 300w, https:\/\/pause-verveine.fr\/wp-content\/uploads\/2024\/05\/Laure-Aurensan_presentation-therapeute-150x150.jpg 150w\" sizes=\"auto, (max-width: 540px) 100vw, 540px\" \/><\/figure>\n\n\n\n<p><\/p>\n\n\n\n<p>Laure<\/p>\n\n\n\n<p class=\"has-text-align-left\">Qi Gong signifie&nbsp; litt\u00e9ralement : travail ou ma\u00eetrise du qi.<br><br>Souvent appel\u00e9 a tort \u00ab&nbsp; gymnastique chinoise \u00bb le qi gong repose sur la d\u00e9tente et le mouvement souple et sans effort. Accessible \u00e0 tous, il est compos\u00e9 d\u2019exercices simples et lents permettant d\u2019entretenir la sant\u00e9 dans une perspective durable.<br>D\u00e9velopp\u00e9 en Chine depuis plus de 2500 ans, il existe de nombreuses formes de qi gong r\u00e9pondant \u00e0 des besoins vari\u00e9s.<br><br>Les pratiques propos\u00e9es se donnent pour objectif de vous apprendre a entretenir votre sant\u00e9 au quotidien en respectant le fonctionnement de votre corps et les rythmes de la nature.&nbsp; Elles permettent en outre la d\u00e9contraction, le recentrage et le retour au plaisir de vivre dans un corps d\u00e9tendu.<br><\/p>\n","protected":false},"excerpt":{"rendered":"<p>L\u2019\u00e9quipe pour vous accompagner D\u00e9couvrez une \u00e9quipe de femmes passionn\u00e9es et d\u00e9vou\u00e9es, r\u00e9unies pour vous accompagner lors de ce s\u00e9jour de reconnexion. Je les ai rassembl\u00e9es pour vous guider vers une vie \u00e9quilibr\u00e9e et \u00e9panouissante, en combinant nos expertises compl\u00e9mentaires. Ensemble, nous vous offrons une exp\u00e9rience unique, o\u00f9 chaque activit\u00e9 contribue \u00e0 votre bien-\u00eatre physique, &hellip;<\/p>\n<p class=\"read-more\"> <a class=\"\" href=\"https:\/\/pause-verveine.fr\/index.php\/les-intervenantes\/\"> <span class=\"screen-reader-text\">Les intervenantes<\/span> Lire la suite\u00a0\u00bb<\/a><\/p>\n","protected":false},"author":1,"featured_media":0,"parent":0,"menu_order":0,"comment_status":"closed","ping_status":"closed","template":"","meta":{"site-sidebar-layout":"default","site-content-layout":"default","ast-global-header-display":"","ast-banner-title-visibility":"","ast-main-header-display":"","ast-hfb-above-header-display":"","ast-hfb-below-header-display":"","ast-hfb-mobile-header-display":"","site-post-title":"","ast-breadcrumbs-content":"","ast-featured-img":"","footer-sml-layout":"","theme-transparent-header-meta":"","adv-header-id-meta":"","stick-header-meta":"","header-above-stick-meta":"","header-main-stick-meta":"","header-below-stick-meta":"","footnotes":""},"class_list":["post-610","page","type-page","status-publish","hentry"],"yoast_head":"<!-- This site is optimized with the Yoast SEO plugin v20.9 - https:\/\/yoast.com\/wordpress\/plugins\/seo\/ -->\n<title>Les intervenantes - Pause Verveine<\/title>\n<meta name=\"robots\" content=\"index, follow, max-snippet:-1, max-image-preview:large, max-video-preview:-1\" \/>\n<link rel=\"canonical\" href=\"https:\/\/pause-verveine.fr\/index.php\/les-intervenantes\/\" \/>\n<meta property=\"og:locale\" content=\"fr_FR\" \/>\n<meta property=\"og:type\" content=\"article\" \/>\n<meta property=\"og:title\" content=\"Les intervenantes - Pause Verveine\" \/>\n<meta property=\"og:description\" content=\"L\u2019\u00e9quipe pour vous accompagner D\u00e9couvrez une \u00e9quipe de femmes passionn\u00e9es et d\u00e9vou\u00e9es, r\u00e9unies pour vous accompagner lors de ce s\u00e9jour de reconnexion. Je les ai rassembl\u00e9es pour vous guider vers une vie \u00e9quilibr\u00e9e et \u00e9panouissante, en combinant nos expertises compl\u00e9mentaires. Ensemble, nous vous offrons une exp\u00e9rience unique, o\u00f9 chaque activit\u00e9 contribue \u00e0 votre bien-\u00eatre physique, &hellip; Les intervenantes Lire la suite\u00a0\u00bb\" \/>\n<meta property=\"og:url\" content=\"https:\/\/pause-verveine.fr\/index.php\/les-intervenantes\/\" \/>\n<meta property=\"og:site_name\" content=\"Pause Verveine\" \/>\n<meta property=\"article:modified_time\" content=\"2025-02-15T17:41:24+00:00\" \/>\n<meta property=\"og:image\" content=\"https:\/\/pause-verveine.fr\/wp-content\/uploads\/2024\/07\/image.png\" \/>\n<meta name=\"twitter:card\" content=\"summary_large_image\" \/>\n<meta name=\"twitter:label1\" content=\"Dur\u00e9e de lecture estim\u00e9e\" \/>\n\t<meta name=\"twitter:data1\" content=\"4 minutes\" \/>\n<script type=\"application\/ld+json\" class=\"yoast-schema-graph\">{\"@context\":\"https:\/\/schema.org\",\"@graph\":[{\"@type\":\"WebPage\",\"@id\":\"https:\/\/pause-verveine.fr\/index.php\/les-intervenantes\/\",\"url\":\"https:\/\/pause-verveine.fr\/index.php\/les-intervenantes\/\",\"name\":\"Les intervenantes - Pause Verveine\",\"isPartOf\":{\"@id\":\"http:\/\/pause-verveine.fr\/#website\"},\"datePublished\":\"2024-01-21T12:23:49+00:00\",\"dateModified\":\"2025-02-15T17:41:24+00:00\",\"breadcrumb\":{\"@id\":\"https:\/\/pause-verveine.fr\/index.php\/les-intervenantes\/#breadcrumb\"},\"inLanguage\":\"fr-FR\",\"potentialAction\":[{\"@type\":\"ReadAction\",\"target\":[\"https:\/\/pause-verveine.fr\/index.php\/les-intervenantes\/\"]}]},{\"@type\":\"BreadcrumbList\",\"@id\":\"https:\/\/pause-verveine.fr\/index.php\/les-intervenantes\/#breadcrumb\",\"itemListElement\":[{\"@type\":\"ListItem\",\"position\":1,\"name\":\"Accueil\",\"item\":\"http:\/\/pause-verveine.fr\/\"},{\"@type\":\"ListItem\",\"position\":2,\"name\":\"Les intervenantes\"}]},{\"@type\":\"WebSite\",\"@id\":\"http:\/\/pause-verveine.fr\/#website\",\"url\":\"http:\/\/pause-verveine.fr\/\",\"name\":\"Pause Verveine\",\"description\":\"S\u00e9jour de reconnexion\",\"publisher\":{\"@id\":\"http:\/\/pause-verveine.fr\/#organization\"},\"potentialAction\":[{\"@type\":\"SearchAction\",\"target\":{\"@type\":\"EntryPoint\",\"urlTemplate\":\"http:\/\/pause-verveine.fr\/?s={search_term_string}\"},\"query-input\":\"required name=search_term_string\"}],\"inLanguage\":\"fr-FR\"},{\"@type\":\"Organization\",\"@id\":\"http:\/\/pause-verveine.fr\/#organization\",\"name\":\"Pause Verveine\",\"url\":\"http:\/\/pause-verveine.fr\/\",\"logo\":{\"@type\":\"ImageObject\",\"inLanguage\":\"fr-FR\",\"@id\":\"http:\/\/pause-verveine.fr\/#\/schema\/logo\/image\/\",\"url\":\"https:\/\/pause-verveine.fr\/wp-content\/uploads\/2023\/06\/cropped-Logo-Pause-Verveine-V2-09-e1686653158958-1.png\",\"contentUrl\":\"https:\/\/pause-verveine.fr\/wp-content\/uploads\/2023\/06\/cropped-Logo-Pause-Verveine-V2-09-e1686653158958-1.png\",\"width\":1000,\"height\":334,\"caption\":\"Pause Verveine\"},\"image\":{\"@id\":\"http:\/\/pause-verveine.fr\/#\/schema\/logo\/image\/\"}}]}<\/script>\n<!-- \/ Yoast SEO plugin. -->","yoast_head_json":{"title":"Les intervenantes - Pause Verveine","robots":{"index":"index","follow":"follow","max-snippet":"max-snippet:-1","max-image-preview":"max-image-preview:large","max-video-preview":"max-video-preview:-1"},"canonical":"https:\/\/pause-verveine.fr\/index.php\/les-intervenantes\/","og_locale":"fr_FR","og_type":"article","og_title":"Les intervenantes - Pause Verveine","og_description":"L\u2019\u00e9quipe pour vous accompagner D\u00e9couvrez une \u00e9quipe de femmes passionn\u00e9es et d\u00e9vou\u00e9es, r\u00e9unies pour vous accompagner lors de ce s\u00e9jour de reconnexion. Je les ai rassembl\u00e9es pour vous guider vers une vie \u00e9quilibr\u00e9e et \u00e9panouissante, en combinant nos expertises compl\u00e9mentaires. Ensemble, nous vous offrons une exp\u00e9rience unique, o\u00f9 chaque activit\u00e9 contribue \u00e0 votre bien-\u00eatre physique, &hellip; Les intervenantes Lire la suite\u00a0\u00bb","og_url":"https:\/\/pause-verveine.fr\/index.php\/les-intervenantes\/","og_site_name":"Pause Verveine","article_modified_time":"2025-02-15T17:41:24+00:00","og_image":[{"url":"https:\/\/pause-verveine.fr\/wp-content\/uploads\/2024\/07\/image.png"}],"twitter_card":"summary_large_image","twitter_misc":{"Dur\u00e9e de lecture estim\u00e9e":"4 minutes"},"schema":{"@context":"https:\/\/schema.org","@graph":[{"@type":"WebPage","@id":"https:\/\/pause-verveine.fr\/index.php\/les-intervenantes\/","url":"https:\/\/pause-verveine.fr\/index.php\/les-intervenantes\/","name":"Les intervenantes - Pause Verveine","isPartOf":{"@id":"http:\/\/pause-verveine.fr\/#website"},"datePublished":"2024-01-21T12:23:49+00:00","dateModified":"2025-02-15T17:41:24+00:00","breadcrumb":{"@id":"https:\/\/pause-verveine.fr\/index.php\/les-intervenantes\/#breadcrumb"},"inLanguage":"fr-FR","potentialAction":[{"@type":"ReadAction","target":["https:\/\/pause-verveine.fr\/index.php\/les-intervenantes\/"]}]},{"@type":"BreadcrumbList","@id":"https:\/\/pause-verveine.fr\/index.php\/les-intervenantes\/#breadcrumb","itemListElement":[{"@type":"ListItem","position":1,"name":"Accueil","item":"http:\/\/pause-verveine.fr\/"},{"@type":"ListItem","position":2,"name":"Les intervenantes"}]},{"@type":"WebSite","@id":"http:\/\/pause-verveine.fr\/#website","url":"http:\/\/pause-verveine.fr\/","name":"Pause Verveine","description":"S\u00e9jour de reconnexion","publisher":{"@id":"http:\/\/pause-verveine.fr\/#organization"},"potentialAction":[{"@type":"SearchAction","target":{"@type":"EntryPoint","urlTemplate":"http:\/\/pause-verveine.fr\/?s={search_term_string}"},"query-input":"required name=search_term_string"}],"inLanguage":"fr-FR"},{"@type":"Organization","@id":"http:\/\/pause-verveine.fr\/#organization","name":"Pause Verveine","url":"http:\/\/pause-verveine.fr\/","logo":{"@type":"ImageObject","inLanguage":"fr-FR","@id":"http:\/\/pause-verveine.fr\/#\/schema\/logo\/image\/","url":"https:\/\/pause-verveine.fr\/wp-content\/uploads\/2023\/06\/cropped-Logo-Pause-Verveine-V2-09-e1686653158958-1.png","contentUrl":"https:\/\/pause-verveine.fr\/wp-content\/uploads\/2023\/06\/cropped-Logo-Pause-Verveine-V2-09-e1686653158958-1.png","width":1000,"height":334,"caption":"Pause Verveine"},"image":{"@id":"http:\/\/pause-verveine.fr\/#\/schema\/logo\/image\/"}}]}},"_links":{"self":[{"href":"https:\/\/pause-verveine.fr\/index.php\/wp-json\/wp\/v2\/pages\/610","targetHints":{"allow":["GET"]}}],"collection":[{"href":"https:\/\/pause-verveine.fr\/index.php\/wp-json\/wp\/v2\/pages"}],"about":[{"href":"https:\/\/pause-verveine.fr\/index.php\/wp-json\/wp\/v2\/types\/page"}],"author":[{"embeddable":true,"href":"https:\/\/pause-verveine.fr\/index.php\/wp-json\/wp\/v2\/users\/1"}],"replies":[{"embeddable":true,"href":"https:\/\/pause-verveine.fr\/index.php\/wp-json\/wp\/v2\/comments?post=610"}],"version-history":[{"count":8,"href":"https:\/\/pause-verveine.fr\/index.php\/wp-json\/wp\/v2\/pages\/610\/revisions"}],"predecessor-version":[{"id":697,"href":"https:\/\/pause-verveine.fr\/index.php\/wp-json\/wp\/v2\/pages\/610\/revisions\/697"}],"wp:attachment":[{"href":"https:\/\/pause-verveine.fr\/index.php\/wp-json\/wp\/v2\/media?parent=610"}],"curies":[{"name":"wp","href":"https:\/\/api.w.org\/{rel}","templated":true}]}}